{"id":1007,"date":"2021-05-25T14:39:06","date_gmt":"2021-05-25T13:39:06","guid":{"rendered":"https:\/\/reitplatz-offenstallbau.de\/?page_id=1007"},"modified":"2022-03-31T10:28:29","modified_gmt":"2022-03-31T09:28:29","slug":"weidezaun","status":"publish","type":"page","link":"https:\/\/reitplatz-offenstallbau.de\/index.php\/service\/weidezaun\/","title":{"rendered":"Weidezaun"},"content":{"rendered":"\n<style type=\"text\/css\" data-created_by=\"avia_inline_auto\" id=\"style-css-av-kp4347hd-fb4edd27368678871287fd202eddceb1\">\n#top .av-special-heading.av-kp4347hd-fb4edd27368678871287fd202eddceb1{\npadding-bottom:10px;\n}\nbody .av-special-heading.av-kp4347hd-fb4edd27368678871287fd202eddceb1 .av-special-heading-tag .heading-char{\nfont-size:25px;\n}\n.av-special-heading.av-kp4347hd-fb4edd27368678871287fd202eddceb1 .av-subheading{\nfont-size:15px;\n}\n<\/style>\n<div  class='av-special-heading av-kp4347hd-fb4edd27368678871287fd202eddceb1 av-special-heading-h1  avia-builder-el-0  el_before_av_slideshow  avia-builder-el-first '><h1 class='av-special-heading-tag '  itemprop=\"headline\"  >Weidez\u00e4une<\/h1><div class=\"special-heading-border\"><div class=\"special-heading-inner-border\"><\/div><\/div><\/div>\n<div  class='avia-slideshow av-kp43gna0-4475cedc36795c105a22a6866b0e7019 avia-slideshow-featured_large av_slideshow avia-fade-slider  avia-builder-el-1  el_after_av_heading  el_before_av_one_full  av-slideshow-ui av-control-hidden av-no-slider-navigation av-hide-nav-arrows av-slideshow-autoplay av-loop-endless av-loop-manual-endless av-default-height-applied avia-slideshow-1' data-slideshow-options=\"{&quot;animation&quot;:&quot;fade&quot;,&quot;autoplay&quot;:true,&quot;loop_autoplay&quot;:&quot;endless&quot;,&quot;interval&quot;:5,&quot;loop_manual&quot;:&quot;manual-endless&quot;,&quot;autoplay_stopper&quot;:false,&quot;noNavigation&quot;:true,&quot;bg_slider&quot;:false,&quot;keep_padding&quot;:false,&quot;hoverpause&quot;:false,&quot;show_slide_delay&quot;:0}\"  itemprop=\"image\" itemscope=\"itemscope\" itemtype=\"https:\/\/schema.org\/ImageObject\" ><ul class='avia-slideshow-inner ' style='padding-bottom: 42%;'><li  class='avia-slideshow-slide av-kp43gna0-4475cedc36795c105a22a6866b0e7019__0  slide-1 slide-odd'><div data-rel='slideshow-1' class='avia-slide-wrap '   ><img decoding=\"async\" fetchpriority=\"high\" class=\"wp-image-1014 avia-img-lazy-loading-not-1014\"  src=\"https:\/\/reitplatz-offenstallbau.de\/wp-content\/uploads\/2021\/05\/weidezaun-01-1500x630.jpg\" width=\"1500\" height=\"630\" title='weidezaun-01' alt=''  itemprop=\"thumbnailUrl\"   \/><\/div><\/li><li  class='avia-slideshow-slide av-kp43gna0-4475cedc36795c105a22a6866b0e7019__1  slide-2 slide-even'><div data-rel='slideshow-1' class='avia-slide-wrap '   ><img decoding=\"async\" fetchpriority=\"high\" class=\"wp-image-1015 avia-img-lazy-loading-not-1015\"  src=\"https:\/\/reitplatz-offenstallbau.de\/wp-content\/uploads\/2021\/05\/weidezaun-02-1500x630.jpg\" width=\"1500\" height=\"630\" title='weidezaun-02' alt=''  itemprop=\"thumbnailUrl\"   \/><\/div><\/li><li  class='avia-slideshow-slide av-kp43gna0-4475cedc36795c105a22a6866b0e7019__2  slide-3 slide-odd'><div data-rel='slideshow-1' class='avia-slide-wrap '   ><img decoding=\"async\" fetchpriority=\"high\" class=\"wp-image-1042 avia-img-lazy-loading-not-1042\"  src=\"https:\/\/reitplatz-offenstallbau.de\/wp-content\/uploads\/2021\/05\/weidezaun-10-1500x630.jpg\" width=\"1500\" height=\"630\" title='weidezaun-10' alt=''  itemprop=\"thumbnailUrl\"   \/><\/div><\/li><li  class='avia-slideshow-slide av-kp43gna0-4475cedc36795c105a22a6866b0e7019__3  slide-4 slide-even'><div data-rel='slideshow-1' class='avia-slide-wrap '   ><img decoding=\"async\" fetchpriority=\"high\" class=\"wp-image-1016 avia-img-lazy-loading-not-1016\"  src=\"https:\/\/reitplatz-offenstallbau.de\/wp-content\/uploads\/2021\/05\/weidezaun-03-1500x630.jpg\" width=\"1500\" height=\"630\" title='weidezaun-03' alt=''  itemprop=\"thumbnailUrl\"   \/><\/div><\/li><li  class='avia-slideshow-slide av-kp43gna0-4475cedc36795c105a22a6866b0e7019__4  slide-5 slide-odd'><div data-rel='slideshow-1' class='avia-slide-wrap '   ><img decoding=\"async\" fetchpriority=\"high\" class=\"wp-image-1017 avia-img-lazy-loading-not-1017\"  src=\"https:\/\/reitplatz-offenstallbau.de\/wp-content\/uploads\/2021\/05\/weidezaun-04-1500x630.jpg\" width=\"1500\" height=\"630\" title='weidezaun-04' alt=''  itemprop=\"thumbnailUrl\"   \/><\/div><\/li><li  class='avia-slideshow-slide av-kp43gna0-4475cedc36795c105a22a6866b0e7019__5  slide-6 slide-even'><div data-rel='slideshow-1' class='avia-slide-wrap '   ><img decoding=\"async\" fetchpriority=\"high\" class=\"wp-image-1043 avia-img-lazy-loading-not-1043\"  src=\"https:\/\/reitplatz-offenstallbau.de\/wp-content\/uploads\/2021\/05\/weidezaun-11-1500x630.jpg\" width=\"1500\" height=\"630\" title='weidezaun-11' alt=''  itemprop=\"thumbnailUrl\"   \/><\/div><\/li><\/ul><div class='avia-slideshow-arrows avia-slideshow-controls' ><a href='#prev' class='prev-slide  avia-svg-icon avia-font-svg_entypo-fontello' data-av_svg_icon='left-open-big' data-av_iconset='svg_entypo-fontello' tabindex='-1' title=\"Zur\u00fcck\"><svg version=\"1.1\" xmlns=\"http:\/\/www.w3.org\/2000\/svg\" width=\"15\" height=\"32\" viewBox=\"0 0 15 32\" preserveAspectRatio=\"xMidYMid meet\" aria-labelledby='av-svg-title-1' aria-describedby='av-svg-desc-1' role=\"graphics-symbol\" aria-hidden=\"true\">\n<title id='av-svg-title-1'>Zur\u00fcck<\/title>\n<desc id='av-svg-desc-1'>Zur\u00fcck<\/desc>\n<path d=\"M14.464 27.84q0.832 0.832 0 1.536-0.832 0.832-1.536 0l-12.544-12.608q-0.768-0.768 0-1.6l12.544-12.608q0.704-0.832 1.536 0 0.832 0.704 0 1.536l-11.456 11.904z\"><\/path>\n<\/svg><span class='avia_hidden_link_text'>Zur\u00fcck<\/span><\/a><a href='#next' class='next-slide  avia-svg-icon avia-font-svg_entypo-fontello' data-av_svg_icon='right-open-big' data-av_iconset='svg_entypo-fontello' tabindex='-1' title=\"Weiter\"><svg version=\"1.1\" xmlns=\"http:\/\/www.w3.org\/2000\/svg\" width=\"15\" height=\"32\" viewBox=\"0 0 15 32\" preserveAspectRatio=\"xMidYMid meet\" aria-labelledby='av-svg-title-2' aria-describedby='av-svg-desc-2' role=\"graphics-symbol\" aria-hidden=\"true\">\n<title id='av-svg-title-2'>Weiter<\/title>\n<desc id='av-svg-desc-2'>Weiter<\/desc>\n<path d=\"M0.416 27.84l11.456-11.84-11.456-11.904q-0.832-0.832 0-1.536 0.832-0.832 1.536 0l12.544 12.608q0.768 0.832 0 1.6l-12.544 12.608q-0.704 0.832-1.536 0-0.832-0.704 0-1.536z\"><\/path>\n<\/svg><span class='avia_hidden_link_text'>Weiter<\/span><\/a><\/div><\/div>\n\n<style type=\"text\/css\" data-created_by=\"avia_inline_auto\" id=\"style-css-av-h8shj3-f500399e0c1fb787f2ac4ff072dfee7c\">\n#top .flex_column.av-h8shj3-f500399e0c1fb787f2ac4ff072dfee7c{\nmargin-top:0px;\nmargin-bottom:0px;\n}\n.flex_column.av-h8shj3-f500399e0c1fb787f2ac4ff072dfee7c{\nborder-radius:0px 0px 0px 0px;\npadding:0px 0px 0px 0px;\n}\n.responsive #top #wrap_all .flex_column.av-h8shj3-f500399e0c1fb787f2ac4ff072dfee7c{\nmargin-top:0px;\nmargin-bottom:0px;\n}\n<\/style>\n<div  class='flex_column av-h8shj3-f500399e0c1fb787f2ac4ff072dfee7c av_one_full  avia-builder-el-2  el_after_av_slideshow  el_before_av_one_half  first flex_column_div av-animated-generic bottom-to-top av-zero-column-padding  '     ><style type=\"text\/css\" data-created_by=\"avia_inline_auto\" id=\"style-css-av-kp438waz-6abc06edd6ac6578350013b156817faf\">\n#top .av-special-heading.av-kp438waz-6abc06edd6ac6578350013b156817faf{\npadding-bottom:10px;\n}\nbody .av-special-heading.av-kp438waz-6abc06edd6ac6578350013b156817faf .av-special-heading-tag .heading-char{\nfont-size:25px;\n}\n.av-special-heading.av-kp438waz-6abc06edd6ac6578350013b156817faf .av-subheading{\nfont-size:15px;\n}\n<\/style>\n<div  class='av-special-heading av-kp438waz-6abc06edd6ac6578350013b156817faf av-special-heading-h3  avia-builder-el-3  avia-builder-el-no-sibling '><h3 class='av-special-heading-tag '  itemprop=\"headline\"  >Bei uns &#8211; wie am Schn\u00fcrchen gezogen &#8211;<\/h3><div class=\"special-heading-border\"><div class=\"special-heading-inner-border\"><\/div><\/div><\/div><\/div>\n\n<style type=\"text\/css\" data-created_by=\"avia_inline_auto\" id=\"style-css-av-ggv99b-fe3fd1d5f26e638a37f49acef0ea5c67\">\n.flex_column.av-ggv99b-fe3fd1d5f26e638a37f49acef0ea5c67{\nborder-radius:0px 0px 0px 0px;\npadding:0px 0px 0px 0px;\n}\n<\/style>\n<div  class='flex_column av-ggv99b-fe3fd1d5f26e638a37f49acef0ea5c67 av_one_half  avia-builder-el-4  el_after_av_one_full  el_before_av_one_half  first flex_column_div av-zero-column-padding  column-top-margin'     ><p><section  class='av_textblock_section av-kp43mw0o-3b9093cfe33f12e1e0e8814b16d907c1 '   itemscope=\"itemscope\" itemtype=\"https:\/\/schema.org\/CreativeWork\" ><div class='avia_textblock'  itemprop=\"text\" ><p>Weidezaun ist nicht gleich Weidezaun &#8211; Auch hier legen wir unseren hohen Qualit\u00e4tsstandard an und liefern Ergebnisse, die absolut begeistern k\u00f6nnen.<\/p>\n<p>Gerissenes Eichenholz wird maschinell mit viel Geschick und guter Vorbereitung absolut geradlinig und im Lot in den Boden geschlagen. Dabei sind wir so effizient, dass ein tolles Ergebnis nicht das Budget sprengt. \u00dcberzeugen Sie sich von den Weidez\u00e4unen von Steffen Loos &#8211; Reitplatz- Offenstallbau!<\/p>\n<\/div><\/section><br \/>\n<section  class='av_textblock_section av-kp447g4x-8b4a9ae9fc1c69ffc59738529a4914da '   itemscope=\"itemscope\" itemtype=\"https:\/\/schema.org\/CreativeWork\" ><div class='avia_textblock'  itemprop=\"text\" ><p>Egal welches Terrain, von Stra\u00dfenbegrenzung bis zu steile B\u00f6schungen, kein Problem f\u00fcr uns.<\/p>\n<p>Der &#8222;Full &#8211; Service&#8220; mit gerissenem Eichenholz oder Robinie. Senden Sie und eine kurze Anfrage \u00fcber unser <a href=\"https:\/\/reitplatz-offenstallbau.de\/contact\/\">Kontaktformular<\/a> f\u00fcr ein unverbindliches Angebot.<\/p>\n<\/div><\/section><\/p><\/div>\n<style type=\"text\/css\" data-created_by=\"avia_inline_auto\" id=\"style-css-av-a8yccv-c100b62b80d0b495481035e1ef231c6b\">\n.flex_column.av-a8yccv-c100b62b80d0b495481035e1ef231c6b{\nborder-radius:0px 0px 0px 0px;\npadding:0px 0px 0px 0px;\n}\n<\/style>\n<div  class='flex_column av-a8yccv-c100b62b80d0b495481035e1ef231c6b av_one_half  avia-builder-el-7  el_after_av_one_half  avia-builder-el-last  flex_column_div av-animated-generic bottom-to-top av-zero-column-padding  column-top-margin'     ><div  class='avia-slideshow av-kp43ug8d-86f586d05f0e92d70ce4743f39f0e5bd avia-slideshow-no scaling av_slideshow avia-slide-slider  avia-builder-el-8  avia-builder-el-no-sibling  av-slideshow-ui av-control-default av-slideshow-manual av-loop-once av-loop-manual-endless av-default-height-applied avia-slideshow-2' data-slideshow-options=\"{&quot;animation&quot;:&quot;slide&quot;,&quot;autoplay&quot;:false,&quot;loop_autoplay&quot;:&quot;once&quot;,&quot;interval&quot;:5,&quot;loop_manual&quot;:&quot;manual-endless&quot;,&quot;autoplay_stopper&quot;:false,&quot;noNavigation&quot;:false,&quot;bg_slider&quot;:false,&quot;keep_padding&quot;:false,&quot;hoverpause&quot;:false,&quot;show_slide_delay&quot;:0}\"  itemprop=\"image\" itemscope=\"itemscope\" itemtype=\"https:\/\/schema.org\/ImageObject\" ><ul class='avia-slideshow-inner ' style='padding-bottom: 133.33333333333%;'><li  class='avia-slideshow-slide av-kp43ug8d-86f586d05f0e92d70ce4743f39f0e5bd__0  slide-1 slide-odd'><div data-rel='slideshow-2' class='avia-slide-wrap '   ><img decoding=\"async\" fetchpriority=\"high\" class=\"wp-image-1025 avia-img-lazy-loading-not-1025\"  src=\"https:\/\/reitplatz-offenstallbau.de\/wp-content\/uploads\/2021\/05\/weidezaun-05-e1621951343304.jpg\" width=\"900\" height=\"1200\" title='weidezaun-05' alt=''  itemprop=\"thumbnailUrl\" srcset=\"https:\/\/reitplatz-offenstallbau.de\/wp-content\/uploads\/2021\/05\/weidezaun-05-e1621951343304.jpg 900w, https:\/\/reitplatz-offenstallbau.de\/wp-content\/uploads\/2021\/05\/weidezaun-05-e1621951343304-600x800.jpg 600w, https:\/\/reitplatz-offenstallbau.de\/wp-content\/uploads\/2021\/05\/weidezaun-05-e1621951343304-225x300.jpg 225w, https:\/\/reitplatz-offenstallbau.de\/wp-content\/uploads\/2021\/05\/weidezaun-05-e1621951343304-773x1030.jpg 773w, https:\/\/reitplatz-offenstallbau.de\/wp-content\/uploads\/2021\/05\/weidezaun-05-e1621951343304-768x1024.jpg 768w, https:\/\/reitplatz-offenstallbau.de\/wp-content\/uploads\/2021\/05\/weidezaun-05-e1621951343304-529x705.jpg 529w\" sizes=\"(max-width: 900px) 100vw, 900px\" \/><\/div><\/li><li  class='avia-slideshow-slide av-kp43ug8d-86f586d05f0e92d70ce4743f39f0e5bd__1  slide-2 slide-even'><div data-rel='slideshow-2' class='avia-slide-wrap '   ><img decoding=\"async\" fetchpriority=\"high\" class=\"wp-image-1026 avia-img-lazy-loading-not-1026\"  src=\"https:\/\/reitplatz-offenstallbau.de\/wp-content\/uploads\/2021\/05\/weidezaun-06-e1621951322940.jpg\" width=\"900\" height=\"1200\" title='weidezaun-06' alt=''  itemprop=\"thumbnailUrl\" srcset=\"https:\/\/reitplatz-offenstallbau.de\/wp-content\/uploads\/2021\/05\/weidezaun-06-e1621951322940.jpg 900w, https:\/\/reitplatz-offenstallbau.de\/wp-content\/uploads\/2021\/05\/weidezaun-06-e1621951322940-600x800.jpg 600w, https:\/\/reitplatz-offenstallbau.de\/wp-content\/uploads\/2021\/05\/weidezaun-06-e1621951322940-225x300.jpg 225w, https:\/\/reitplatz-offenstallbau.de\/wp-content\/uploads\/2021\/05\/weidezaun-06-e1621951322940-773x1030.jpg 773w, https:\/\/reitplatz-offenstallbau.de\/wp-content\/uploads\/2021\/05\/weidezaun-06-e1621951322940-768x1024.jpg 768w, https:\/\/reitplatz-offenstallbau.de\/wp-content\/uploads\/2021\/05\/weidezaun-06-e1621951322940-529x705.jpg 529w\" sizes=\"(max-width: 900px) 100vw, 900px\" \/><\/div><\/li><li  class='avia-slideshow-slide av-kp43ug8d-86f586d05f0e92d70ce4743f39f0e5bd__2  slide-3 slide-odd'><div data-rel='slideshow-2' class='avia-slide-wrap '   ><img decoding=\"async\" fetchpriority=\"high\" class=\"wp-image-1027 avia-img-lazy-loading-not-1027\"  src=\"https:\/\/reitplatz-offenstallbau.de\/wp-content\/uploads\/2021\/05\/weidezaun-07-e1621951299283.jpg\" width=\"900\" height=\"1200\" title='weidezaun-07' alt=''  itemprop=\"thumbnailUrl\" srcset=\"https:\/\/reitplatz-offenstallbau.de\/wp-content\/uploads\/2021\/05\/weidezaun-07-e1621951299283.jpg 900w, https:\/\/reitplatz-offenstallbau.de\/wp-content\/uploads\/2021\/05\/weidezaun-07-e1621951299283-600x800.jpg 600w\" sizes=\"(max-width: 900px) 100vw, 900px\" \/><\/div><\/li><li  class='avia-slideshow-slide av-kp43ug8d-86f586d05f0e92d70ce4743f39f0e5bd__3  slide-4 slide-even'><div data-rel='slideshow-2' class='avia-slide-wrap '   ><img decoding=\"async\" fetchpriority=\"high\" class=\"wp-image-1028 avia-img-lazy-loading-not-1028\"  src=\"https:\/\/reitplatz-offenstallbau.de\/wp-content\/uploads\/2021\/05\/weidezaun-08.jpg\" width=\"1200\" height=\"1600\" title='weidezaun-08' alt=''  itemprop=\"thumbnailUrl\" srcset=\"https:\/\/reitplatz-offenstallbau.de\/wp-content\/uploads\/2021\/05\/weidezaun-08.jpg 1200w, https:\/\/reitplatz-offenstallbau.de\/wp-content\/uploads\/2021\/05\/weidezaun-08-600x800.jpg 600w, https:\/\/reitplatz-offenstallbau.de\/wp-content\/uploads\/2021\/05\/weidezaun-08-225x300.jpg 225w, https:\/\/reitplatz-offenstallbau.de\/wp-content\/uploads\/2021\/05\/weidezaun-08-773x1030.jpg 773w, https:\/\/reitplatz-offenstallbau.de\/wp-content\/uploads\/2021\/05\/weidezaun-08-768x1024.jpg 768w, https:\/\/reitplatz-offenstallbau.de\/wp-content\/uploads\/2021\/05\/weidezaun-08-1152x1536.jpg 1152w, https:\/\/reitplatz-offenstallbau.de\/wp-content\/uploads\/2021\/05\/weidezaun-08-1125x1500.jpg 1125w, https:\/\/reitplatz-offenstallbau.de\/wp-content\/uploads\/2021\/05\/weidezaun-08-529x705.jpg 529w\" sizes=\"(max-width: 1200px) 100vw, 1200px\" \/><\/div><\/li><li  class='avia-slideshow-slide av-kp43ug8d-86f586d05f0e92d70ce4743f39f0e5bd__4  slide-5 slide-odd'><div data-rel='slideshow-2' class='avia-slide-wrap '   ><img decoding=\"async\" fetchpriority=\"high\" class=\"wp-image-1029 avia-img-lazy-loading-not-1029\"  src=\"https:\/\/reitplatz-offenstallbau.de\/wp-content\/uploads\/2021\/05\/weidezaun-09.jpg\" width=\"1200\" height=\"1600\" title='weidezaun-09' alt=''  itemprop=\"thumbnailUrl\" srcset=\"https:\/\/reitplatz-offenstallbau.de\/wp-content\/uploads\/2021\/05\/weidezaun-09.jpg 1200w, https:\/\/reitplatz-offenstallbau.de\/wp-content\/uploads\/2021\/05\/weidezaun-09-600x800.jpg 600w, https:\/\/reitplatz-offenstallbau.de\/wp-content\/uploads\/2021\/05\/weidezaun-09-225x300.jpg 225w, https:\/\/reitplatz-offenstallbau.de\/wp-content\/uploads\/2021\/05\/weidezaun-09-773x1030.jpg 773w, https:\/\/reitplatz-offenstallbau.de\/wp-content\/uploads\/2021\/05\/weidezaun-09-768x1024.jpg 768w, https:\/\/reitplatz-offenstallbau.de\/wp-content\/uploads\/2021\/05\/weidezaun-09-1152x1536.jpg 1152w, https:\/\/reitplatz-offenstallbau.de\/wp-content\/uploads\/2021\/05\/weidezaun-09-1125x1500.jpg 1125w, https:\/\/reitplatz-offenstallbau.de\/wp-content\/uploads\/2021\/05\/weidezaun-09-529x705.jpg 529w\" sizes=\"(max-width: 1200px) 100vw, 1200px\" \/><\/div><\/li><\/ul><div class='avia-slideshow-arrows avia-slideshow-controls' ><a href='#prev' class='prev-slide  avia-svg-icon avia-font-svg_entypo-fontello' data-av_svg_icon='left-open-big' data-av_iconset='svg_entypo-fontello' tabindex='-1' title=\"Zur\u00fcck\"><svg version=\"1.1\" xmlns=\"http:\/\/www.w3.org\/2000\/svg\" width=\"15\" height=\"32\" viewBox=\"0 0 15 32\" preserveAspectRatio=\"xMidYMid meet\" aria-labelledby='av-svg-title-3' aria-describedby='av-svg-desc-3' role=\"graphics-symbol\" aria-hidden=\"true\">\n<title id='av-svg-title-3'>Zur\u00fcck<\/title>\n<desc id='av-svg-desc-3'>Zur\u00fcck<\/desc>\n<path d=\"M14.464 27.84q0.832 0.832 0 1.536-0.832 0.832-1.536 0l-12.544-12.608q-0.768-0.768 0-1.6l12.544-12.608q0.704-0.832 1.536 0 0.832 0.704 0 1.536l-11.456 11.904z\"><\/path>\n<\/svg><span class='avia_hidden_link_text'>Zur\u00fcck<\/span><\/a><a href='#next' class='next-slide  avia-svg-icon avia-font-svg_entypo-fontello' data-av_svg_icon='right-open-big' data-av_iconset='svg_entypo-fontello' tabindex='-1' title=\"Weiter\"><svg version=\"1.1\" xmlns=\"http:\/\/www.w3.org\/2000\/svg\" width=\"15\" height=\"32\" viewBox=\"0 0 15 32\" preserveAspectRatio=\"xMidYMid meet\" aria-labelledby='av-svg-title-4' aria-describedby='av-svg-desc-4' role=\"graphics-symbol\" aria-hidden=\"true\">\n<title id='av-svg-title-4'>Weiter<\/title>\n<desc id='av-svg-desc-4'>Weiter<\/desc>\n<path d=\"M0.416 27.84l11.456-11.84-11.456-11.904q-0.832-0.832 0-1.536 0.832-0.832 1.536 0l12.544 12.608q0.768 0.832 0 1.6l-12.544 12.608q-0.704 0.832-1.536 0-0.832-0.704 0-1.536z\"><\/path>\n<\/svg><span class='avia_hidden_link_text'>Weiter<\/span><\/a><\/div><div class='avia-slideshow-dots avia-slideshow-controls'><a href='#1' class='goto-slide active' >1<\/a><a href='#2' class='goto-slide ' >2<\/a><a href='#3' class='goto-slide ' >3<\/a><a href='#4' class='goto-slide ' >4<\/a><a href='#5' class='goto-slide ' >5<\/a><\/div><\/div><\/div><\/p>\n","protected":false},"excerpt":{"rendered":"","protected":false},"author":1,"featured_media":0,"parent":25,"menu_order":7,"comment_status":"closed","ping_status":"closed","template":"","meta":{"footnotes":""},"class_list":["post-1007","page","type-page","status-publish","hentry"],"yoast_head":"<!-- This site is optimized with the Yoast SEO Premium plugin v24.6 (Yoast SEO v27.2) - https:\/\/yoast.com\/product\/yoast-seo-premium-wordpress\/ -->\n<title>Weidezaun - Reitplatz- und Offenstallbau Steffen Loos<\/title>\n<meta name=\"robots\" content=\"index, follow, max-snippet:-1, max-image-preview:large, max-video-preview:-1\" \/>\n<link rel=\"canonical\" href=\"https:\/\/reitplatz-offenstallbau.de\/index.php\/service\/weidezaun\/\" \/>\n<meta property=\"og:locale\" content=\"de_DE\" \/>\n<meta property=\"og:type\" content=\"article\" \/>\n<meta property=\"og:title\" content=\"Weidezaun\" \/>\n<meta property=\"og:url\" content=\"https:\/\/reitplatz-offenstallbau.de\/index.php\/service\/weidezaun\/\" \/>\n<meta property=\"og:site_name\" content=\"Reitplatz- und Offenstallbau Steffen Loos\" \/>\n<meta property=\"article:modified_time\" content=\"2022-03-31T09:28:29+00:00\" \/>\n<meta name=\"twitter:card\" content=\"summary_large_image\" \/>\n<meta name=\"twitter:label1\" content=\"Gesch\u00e4tzte Lesezeit\" \/>\n\t<meta name=\"twitter:data1\" content=\"4\u00a0Minuten\" \/>\n<script type=\"application\/ld+json\" class=\"yoast-schema-graph\">{\"@context\":\"https:\/\/schema.org\",\"@graph\":[{\"@type\":\"WebPage\",\"@id\":\"https:\/\/reitplatz-offenstallbau.de\/index.php\/service\/weidezaun\/\",\"url\":\"https:\/\/reitplatz-offenstallbau.de\/index.php\/service\/weidezaun\/\",\"name\":\"Weidezaun - Reitplatz- und Offenstallbau Steffen Loos\",\"isPartOf\":{\"@id\":\"https:\/\/reitplatz-offenstallbau.de\/index.php\/#website\"},\"datePublished\":\"2021-05-25T13:39:06+00:00\",\"dateModified\":\"2022-03-31T09:28:29+00:00\",\"breadcrumb\":{\"@id\":\"https:\/\/reitplatz-offenstallbau.de\/index.php\/service\/weidezaun\/#breadcrumb\"},\"inLanguage\":\"de\",\"potentialAction\":[{\"@type\":\"ReadAction\",\"target\":[\"https:\/\/reitplatz-offenstallbau.de\/index.php\/service\/weidezaun\/\"]}]},{\"@type\":\"BreadcrumbList\",\"@id\":\"https:\/\/reitplatz-offenstallbau.de\/index.php\/service\/weidezaun\/#breadcrumb\",\"itemListElement\":[{\"@type\":\"ListItem\",\"position\":1,\"name\":\"Startseite\",\"item\":\"https:\/\/reitplatz-offenstallbau.de\/index.php\/home\/\"},{\"@type\":\"ListItem\",\"position\":2,\"name\":\"Service\",\"item\":\"https:\/\/reitplatz-offenstallbau.de\/index.php\/service\/\"},{\"@type\":\"ListItem\",\"position\":3,\"name\":\"Weidezaun\"}]},{\"@type\":\"WebSite\",\"@id\":\"https:\/\/reitplatz-offenstallbau.de\/index.php\/#website\",\"url\":\"https:\/\/reitplatz-offenstallbau.de\/index.php\/\",\"name\":\"Reitplatz- und Offenstallbau Steffen Loos\",\"description\":\"Ihr Traumplatz - von uns realisiert\",\"potentialAction\":[{\"@type\":\"SearchAction\",\"target\":{\"@type\":\"EntryPoint\",\"urlTemplate\":\"https:\/\/reitplatz-offenstallbau.de\/index.php\/?s={search_term_string}\"},\"query-input\":{\"@type\":\"PropertyValueSpecification\",\"valueRequired\":true,\"valueName\":\"search_term_string\"}}],\"inLanguage\":\"de\"}]}<\/script>\n<!-- \/ Yoast SEO Premium plugin. -->","yoast_head_json":{"title":"Weidezaun - Reitplatz- und Offenstallbau Steffen Loos","robots":{"index":"index","follow":"follow","max-snippet":"max-snippet:-1","max-image-preview":"max-image-preview:large","max-video-preview":"max-video-preview:-1"},"canonical":"https:\/\/reitplatz-offenstallbau.de\/index.php\/service\/weidezaun\/","og_locale":"de_DE","og_type":"article","og_title":"Weidezaun","og_url":"https:\/\/reitplatz-offenstallbau.de\/index.php\/service\/weidezaun\/","og_site_name":"Reitplatz- und Offenstallbau Steffen Loos","article_modified_time":"2022-03-31T09:28:29+00:00","twitter_card":"summary_large_image","twitter_misc":{"Gesch\u00e4tzte Lesezeit":"4\u00a0Minuten"},"schema":{"@context":"https:\/\/schema.org","@graph":[{"@type":"WebPage","@id":"https:\/\/reitplatz-offenstallbau.de\/index.php\/service\/weidezaun\/","url":"https:\/\/reitplatz-offenstallbau.de\/index.php\/service\/weidezaun\/","name":"Weidezaun - Reitplatz- und Offenstallbau Steffen Loos","isPartOf":{"@id":"https:\/\/reitplatz-offenstallbau.de\/index.php\/#website"},"datePublished":"2021-05-25T13:39:06+00:00","dateModified":"2022-03-31T09:28:29+00:00","breadcrumb":{"@id":"https:\/\/reitplatz-offenstallbau.de\/index.php\/service\/weidezaun\/#breadcrumb"},"inLanguage":"de","potentialAction":[{"@type":"ReadAction","target":["https:\/\/reitplatz-offenstallbau.de\/index.php\/service\/weidezaun\/"]}]},{"@type":"BreadcrumbList","@id":"https:\/\/reitplatz-offenstallbau.de\/index.php\/service\/weidezaun\/#breadcrumb","itemListElement":[{"@type":"ListItem","position":1,"name":"Startseite","item":"https:\/\/reitplatz-offenstallbau.de\/index.php\/home\/"},{"@type":"ListItem","position":2,"name":"Service","item":"https:\/\/reitplatz-offenstallbau.de\/index.php\/service\/"},{"@type":"ListItem","position":3,"name":"Weidezaun"}]},{"@type":"WebSite","@id":"https:\/\/reitplatz-offenstallbau.de\/index.php\/#website","url":"https:\/\/reitplatz-offenstallbau.de\/index.php\/","name":"Reitplatz- und Offenstallbau Steffen Loos","description":"Ihr Traumplatz - von uns realisiert","potentialAction":[{"@type":"SearchAction","target":{"@type":"EntryPoint","urlTemplate":"https:\/\/reitplatz-offenstallbau.de\/index.php\/?s={search_term_string}"},"query-input":{"@type":"PropertyValueSpecification","valueRequired":true,"valueName":"search_term_string"}}],"inLanguage":"de"}]}},"_links":{"self":[{"href":"https:\/\/reitplatz-offenstallbau.de\/index.php\/wp-json\/wp\/v2\/pages\/1007","targetHints":{"allow":["GET"]}}],"collection":[{"href":"https:\/\/reitplatz-offenstallbau.de\/index.php\/wp-json\/wp\/v2\/pages"}],"about":[{"href":"https:\/\/reitplatz-offenstallbau.de\/index.php\/wp-json\/wp\/v2\/types\/page"}],"author":[{"embeddable":true,"href":"https:\/\/reitplatz-offenstallbau.de\/index.php\/wp-json\/wp\/v2\/users\/1"}],"replies":[{"embeddable":true,"href":"https:\/\/reitplatz-offenstallbau.de\/index.php\/wp-json\/wp\/v2\/comments?post=1007"}],"version-history":[{"count":22,"href":"https:\/\/reitplatz-offenstallbau.de\/index.php\/wp-json\/wp\/v2\/pages\/1007\/revisions"}],"predecessor-version":[{"id":10757,"href":"https:\/\/reitplatz-offenstallbau.de\/index.php\/wp-json\/wp\/v2\/pages\/1007\/revisions\/10757"}],"up":[{"embeddable":true,"href":"https:\/\/reitplatz-offenstallbau.de\/index.php\/wp-json\/wp\/v2\/pages\/25"}],"wp:attachment":[{"href":"https:\/\/reitplatz-offenstallbau.de\/index.php\/wp-json\/wp\/v2\/media?parent=1007"}],"curies":[{"name":"wp","href":"https:\/\/api.w.org\/{rel}","templated":true}]}}