{"id":10758,"date":"2025-10-20T12:40:20","date_gmt":"2025-10-20T10:40:20","guid":{"rendered":"https:\/\/reitplatz-offenstallbau.de\/index.php\/?page_id=10758"},"modified":"2025-10-20T13:21:14","modified_gmt":"2025-10-20T11:21:14","slug":"bauberatung","status":"publish","type":"page","link":"https:\/\/reitplatz-offenstallbau.de\/index.php\/service\/bauberatung\/","title":{"rendered":"Bauberatung"},"content":{"rendered":"<div  class='flex_column av-348zmhy-4edb712513aa1d1d6dce377ecc5b3285 av_one_half  avia-builder-el-0  el_before_av_one_half  avia-builder-el-first  first flex_column_div  '     ><style type=\"text\/css\" data-created_by=\"avia_inline_auto\" id=\"style-css-av-mgywf4rb-252db0064384e4eb5e8ba8d2c092e738\">\n#top .av-special-heading.av-mgywf4rb-252db0064384e4eb5e8ba8d2c092e738{\npadding-bottom:10px;\n}\nbody .av-special-heading.av-mgywf4rb-252db0064384e4eb5e8ba8d2c092e738 .av-special-heading-tag .heading-char{\nfont-size:25px;\n}\n.av-special-heading.av-mgywf4rb-252db0064384e4eb5e8ba8d2c092e738 .av-subheading{\nfont-size:15px;\n}\n<\/style>\n<div  class='av-special-heading av-mgywf4rb-252db0064384e4eb5e8ba8d2c092e738 av-special-heading-h1  avia-builder-el-1  avia-builder-el-no-sibling '><h1 class='av-special-heading-tag '  itemprop=\"headline\"  >Bauberatung<\/h1><div class=\"special-heading-border\"><div class=\"special-heading-inner-border\"><\/div><\/div><\/div><\/div>\n<div  class='flex_column av-2qa4wyu-b60e771a8ccc91d76bb10763ae69107f av_one_half  avia-builder-el-2  el_after_av_one_half  el_before_av_hr  flex_column_div  '     ><style type=\"text\/css\" data-created_by=\"avia_inline_auto\" id=\"style-css-av-mgyzuaae-21615e67c190cf2aef09e0147a5fe10f\">\n.avia-image-container.av-mgyzuaae-21615e67c190cf2aef09e0147a5fe10f img.avia_image{\nbox-shadow:none;\n}\n.avia-image-container.av-mgyzuaae-21615e67c190cf2aef09e0147a5fe10f .av-image-caption-overlay-center{\ncolor:#ffffff;\n}\n<\/style>\n<div  class='avia-image-container av-mgyzuaae-21615e67c190cf2aef09e0147a5fe10f av-styling- avia-align-center  avia-builder-el-3  avia-builder-el-no-sibling '   itemprop=\"image\" itemscope=\"itemscope\" itemtype=\"https:\/\/schema.org\/ImageObject\" ><div class=\"avia-image-container-inner\"><div class=\"avia-image-overlay-wrap\"><img decoding=\"async\" fetchpriority=\"high\" class='wp-image-10745 avia-img-lazy-loading-not-10745 avia_image ' src=\"https:\/\/reitplatz-offenstallbau.de\/wp-content\/uploads\/2025\/10\/ChatGPT-Image-20.-Okt.-2025-10_04_50-1500x430.png\" alt='' title='ChatGPT Image 20. Okt. 2025, 10_04_50'  height=\"430\" width=\"1500\"  itemprop=\"thumbnailUrl\"  \/><\/div><\/div><\/div><\/div>\n<style type=\"text\/css\" data-created_by=\"avia_inline_auto\" id=\"style-css-av-mgywgihc-56955217e7e93401883115fa1c967064\">\n#top .hr.av-mgywgihc-56955217e7e93401883115fa1c967064{\nmargin-top:30px;\nmargin-bottom:30px;\n}\n.hr.av-mgywgihc-56955217e7e93401883115fa1c967064 .hr-inner{\nwidth:50px;\nborder-color:#efbb20;\n}\n<\/style>\n<div  class='hr av-mgywgihc-56955217e7e93401883115fa1c967064 hr-custom  avia-builder-el-4  el_after_av_one_half  el_before_av_one_half  hr-center hr-icon-no'><span class='hr-inner inner-border-av-border-fat'><span class=\"hr-inner-style\"><\/span><\/span><\/div><\/p>\n<div  class='flex_column av-1wv7cfa-3232c5253de9f8f499a3e601e0e31cc0 av_one_half  avia-builder-el-5  el_after_av_hr  el_before_av_one_half  first flex_column_div  '     ><p>\n<style type=\"text\/css\" data-created_by=\"avia_inline_auto\" id=\"style-css-av-mgywftw7-eaaae79b4ede95a513ec69f93a61ec29\">\n#top .av-special-heading.av-mgywftw7-eaaae79b4ede95a513ec69f93a61ec29{\npadding-bottom:10px;\n}\nbody .av-special-heading.av-mgywftw7-eaaae79b4ede95a513ec69f93a61ec29 .av-special-heading-tag .heading-char{\nfont-size:25px;\n}\n.av-special-heading.av-mgywftw7-eaaae79b4ede95a513ec69f93a61ec29 .av-subheading{\nfont-size:15px;\n}\n<\/style>\n<div  class='av-special-heading av-mgywftw7-eaaae79b4ede95a513ec69f93a61ec29 av-special-heading-h3  avia-builder-el-6  el_before_av_hr  avia-builder-el-first '><h3 class='av-special-heading-tag '  itemprop=\"headline\"  >Telefonberatung <\/h3><div class=\"special-heading-border\"><div class=\"special-heading-inner-border\"><\/div><\/div><\/div><br \/>\n\n<style type=\"text\/css\" data-created_by=\"avia_inline_auto\" id=\"style-css-av-mgywhvrl-b3f08a4f37360d4cb9d84c678cd0a990\">\n#top .hr.av-mgywhvrl-b3f08a4f37360d4cb9d84c678cd0a990{\nmargin-top:10px;\nmargin-bottom:10px;\n}\n.hr.av-mgywhvrl-b3f08a4f37360d4cb9d84c678cd0a990 .hr-inner{\nwidth:50px;\nborder-color:#efbb20;\n}\n<\/style>\n<div  class='hr av-mgywhvrl-b3f08a4f37360d4cb9d84c678cd0a990 hr-custom  avia-builder-el-7  el_after_av_heading  avia-builder-el-last  hr-left hr-icon-no'><span class='hr-inner inner-border-av-border-fat'><span class=\"hr-inner-style\"><\/span><\/span><\/div><\/p><\/div><div  class='flex_column av-1h43ypy-7bc79badd69b95988338f4a2d8d29ec8 av_one_half  avia-builder-el-8  el_after_av_one_half  el_before_av_one_half  flex_column_div  '     ><section  class='av_textblock_section av-mgywvbhs-893d83d35e2c34b3cdf733e4ed881c72 '   itemscope=\"itemscope\" itemtype=\"https:\/\/schema.org\/CreativeWork\" ><div class='avia_textblock'  itemprop=\"text\" ><p data-start=\"293\" data-end=\"735\">Um einen ersten Eindruck von Ihrem Projekt zu erhalten, k\u00f6nnen Sie uns Ihre Vorstellungen gerne in einem pers\u00f6nlichen Telefongespr\u00e4ch mitteilen.<br data-start=\"437\" data-end=\"440\" \/>Damit wir uns optimal auf das Gespr\u00e4ch vorbereiten k\u00f6nnen, senden Sie uns bitte vorab eine <strong data-start=\"531\" data-end=\"541\">E-Mail<\/strong> oder <strong data-start=\"547\" data-end=\"569\">WhatsApp-Nachricht<\/strong> mit einer kurzen Beschreibung Ihrer Projektidee \u2013 idealerweise mit relevanten <strong data-start=\"648\" data-end=\"679\">Daten, Skizzen oder Bildern<\/strong> \u2013 an die im <strong data-start=\"692\" data-end=\"711\">Kontaktformular<\/strong> angegebenen Adressen.<\/p>\n<p data-start=\"737\" data-end=\"997\">Bitte beachten Sie, dass wir f\u00fcr eine ausf\u00fchrliche <strong data-start=\"788\" data-end=\"807\">Telefonberatung<\/strong> eine <strong data-start=\"813\" data-end=\"852\">einmalige Servicepauschale von 25 \u20ac<\/strong> berechnen. Diese Geb\u00fchr erm\u00f6glicht es uns, Ihnen eine fundierte, fachgerechte und individuell auf Ihr Projekt abgestimmte Beratung anzubieten.<\/p>\n<\/div><\/section><\/div><\/p>\n\n<style type=\"text\/css\" data-created_by=\"avia_inline_auto\" id=\"style-css-av-18qjwti-e3d315baf9ea650a9d7fbdcded15bf13\">\n.flex_column.av-18qjwti-e3d315baf9ea650a9d7fbdcded15bf13{\nborder-radius:0px 0px 0px 0px;\npadding:0px 0px 0px 0px;\n}\n<\/style>\n<div  class='flex_column av-18qjwti-e3d315baf9ea650a9d7fbdcded15bf13 av_one_half  avia-builder-el-10  el_after_av_one_half  el_before_av_one_half  first flex_column_div av-zero-column-padding  column-top-margin'     ><section  class='av_textblock_section av-mgyzsnkj-f5614b1844114b71246d500e2cf0fe3b '   itemscope=\"itemscope\" itemtype=\"https:\/\/schema.org\/CreativeWork\" ><div class='avia_textblock'  itemprop=\"text\" ><p data-start=\"366\" data-end=\"520\">Bei gr\u00f6\u00dferen oder komplexeren Projekten empfiehlt sich eine <strong data-start=\"426\" data-end=\"453\">Beratung direkt vor Ort<\/strong>, damit wir uns ein genaues Bild der Gegebenheiten machen k\u00f6nnen.<\/p>\n<p data-start=\"522\" data-end=\"806\">Unser <strong data-start=\"528\" data-end=\"542\">Ortstermin<\/strong> kann auf Wunsch auch mit einer <strong data-start=\"574\" data-end=\"636\">laufenden Begleitung bis zur Fertigstellung Ihres Projekts<\/strong> kombiniert werden. So haben Sie jederzeit einen kompetenten Ansprechpartner an Ihrer Seite und k\u00f6nnen sich bei Fragen oder auftretenden Problemen direkt an uns wenden.<\/p>\n<p data-start=\"808\" data-end=\"1032\">Bitte haben Sie Verst\u00e4ndnis daf\u00fcr, dass wir f\u00fcr Vor-Ort-Termine <strong data-start=\"872\" data-end=\"896\">keinen Pauschalpreis<\/strong> anbieten k\u00f6nnen. Die Kosten richten sich nach verschiedenen Faktoren wie <strong data-start=\"970\" data-end=\"984\">Entfernung<\/strong>, <strong data-start=\"986\" data-end=\"1003\">Projektumfang<\/strong> und <strong data-start=\"1008\" data-end=\"1029\">Dauer des Projektes<\/strong>.<\/p>\n<\/div><\/section><\/div>\n\n<style type=\"text\/css\" data-created_by=\"avia_inline_auto\" id=\"style-css-av-ltpzc6-1bf0804a053b774d7ddcde8af190c9e7\">\n.flex_column.av-ltpzc6-1bf0804a053b774d7ddcde8af190c9e7{\nborder-radius:0px 0px 0px 0px;\npadding:0px 0px 0px 0px;\n}\n<\/style>\n<div  class='flex_column av-ltpzc6-1bf0804a053b774d7ddcde8af190c9e7 av_one_half  avia-builder-el-12  el_after_av_one_half  avia-builder-el-last  flex_column_div av-animated-generic bottom-to-top av-zero-column-padding  column-top-margin'     ><p>\n<style type=\"text\/css\" data-created_by=\"avia_inline_auto\" id=\"style-css-av-mgyxj6wt-5a86f332def0455d867e5838b42806f2\">\n#top .av-special-heading.av-mgyxj6wt-5a86f332def0455d867e5838b42806f2{\npadding-bottom:10px;\n}\nbody .av-special-heading.av-mgyxj6wt-5a86f332def0455d867e5838b42806f2 .av-special-heading-tag .heading-char{\nfont-size:25px;\n}\n.av-special-heading.av-mgyxj6wt-5a86f332def0455d867e5838b42806f2 .av-subheading{\nfont-size:15px;\n}\n<\/style>\n<div  class='av-special-heading av-mgyxj6wt-5a86f332def0455d867e5838b42806f2 av-special-heading-h3  avia-builder-el-13  el_before_av_hr  avia-builder-el-first '><h3 class='av-special-heading-tag '  itemprop=\"headline\"  >Ortstermine und pers\u00f6hnliche Fachberatung<\/h3><div class=\"special-heading-border\"><div class=\"special-heading-inner-border\"><\/div><\/div><\/div><br \/>\n\n<style type=\"text\/css\" data-created_by=\"avia_inline_auto\" id=\"style-css-av-mgyzuydy-f514052e90f966d1212915afdebac1f7\">\n#top .hr.av-mgyzuydy-f514052e90f966d1212915afdebac1f7{\nmargin-top:10px;\nmargin-bottom:10px;\n}\n.hr.av-mgyzuydy-f514052e90f966d1212915afdebac1f7 .hr-inner{\nwidth:50px;\nborder-color:#efbb20;\n}\n<\/style>\n<div  class='hr av-mgyzuydy-f514052e90f966d1212915afdebac1f7 hr-custom  avia-builder-el-14  el_after_av_heading  avia-builder-el-last  hr-left hr-icon-no'><span class='hr-inner inner-border-av-border-fat'><span class=\"hr-inner-style\"><\/span><\/span><\/div><\/p><\/div>\n","protected":false},"excerpt":{"rendered":"","protected":false},"author":2,"featured_media":0,"parent":25,"menu_order":0,"comment_status":"closed","ping_status":"closed","template":"","meta":{"footnotes":""},"class_list":["post-10758","page","type-page","status-publish","hentry"],"yoast_head":"<!-- This site is optimized with the Yoast SEO Premium plugin v24.6 (Yoast SEO v27.2) - https:\/\/yoast.com\/product\/yoast-seo-premium-wordpress\/ -->\n<title>Bauberatung - Reitplatz- und Offenstallbau Steffen Loos<\/title>\n<meta name=\"robots\" content=\"index, follow, max-snippet:-1, max-image-preview:large, max-video-preview:-1\" \/>\n<link rel=\"canonical\" href=\"https:\/\/reitplatz-offenstallbau.de\/index.php\/service\/bauberatung\/\" \/>\n<meta property=\"og:locale\" content=\"de_DE\" \/>\n<meta property=\"og:type\" content=\"article\" \/>\n<meta property=\"og:title\" content=\"Bauberatung\" \/>\n<meta property=\"og:url\" content=\"https:\/\/reitplatz-offenstallbau.de\/index.php\/service\/bauberatung\/\" \/>\n<meta property=\"og:site_name\" content=\"Reitplatz- und Offenstallbau Steffen Loos\" \/>\n<meta property=\"article:modified_time\" content=\"2025-10-20T11:21:14+00:00\" \/>\n<meta name=\"twitter:card\" content=\"summary_large_image\" \/>\n<meta name=\"twitter:label1\" content=\"Gesch\u00e4tzte Lesezeit\" \/>\n\t<meta name=\"twitter:data1\" content=\"2\u00a0Minuten\" \/>\n<script type=\"application\/ld+json\" class=\"yoast-schema-graph\">{\"@context\":\"https:\/\/schema.org\",\"@graph\":[{\"@type\":\"WebPage\",\"@id\":\"https:\/\/reitplatz-offenstallbau.de\/index.php\/service\/bauberatung\/\",\"url\":\"https:\/\/reitplatz-offenstallbau.de\/index.php\/service\/bauberatung\/\",\"name\":\"Bauberatung - Reitplatz- und Offenstallbau Steffen Loos\",\"isPartOf\":{\"@id\":\"https:\/\/reitplatz-offenstallbau.de\/index.php\/#website\"},\"datePublished\":\"2025-10-20T10:40:20+00:00\",\"dateModified\":\"2025-10-20T11:21:14+00:00\",\"breadcrumb\":{\"@id\":\"https:\/\/reitplatz-offenstallbau.de\/index.php\/service\/bauberatung\/#breadcrumb\"},\"inLanguage\":\"de\",\"potentialAction\":[{\"@type\":\"ReadAction\",\"target\":[\"https:\/\/reitplatz-offenstallbau.de\/index.php\/service\/bauberatung\/\"]}]},{\"@type\":\"BreadcrumbList\",\"@id\":\"https:\/\/reitplatz-offenstallbau.de\/index.php\/service\/bauberatung\/#breadcrumb\",\"itemListElement\":[{\"@type\":\"ListItem\",\"position\":1,\"name\":\"Startseite\",\"item\":\"https:\/\/reitplatz-offenstallbau.de\/index.php\/home\/\"},{\"@type\":\"ListItem\",\"position\":2,\"name\":\"Service\",\"item\":\"https:\/\/reitplatz-offenstallbau.de\/index.php\/service\/\"},{\"@type\":\"ListItem\",\"position\":3,\"name\":\"Bauberatung\"}]},{\"@type\":\"WebSite\",\"@id\":\"https:\/\/reitplatz-offenstallbau.de\/index.php\/#website\",\"url\":\"https:\/\/reitplatz-offenstallbau.de\/index.php\/\",\"name\":\"Reitplatz- und Offenstallbau Steffen Loos\",\"description\":\"Ihr Traumplatz - von uns realisiert\",\"potentialAction\":[{\"@type\":\"SearchAction\",\"target\":{\"@type\":\"EntryPoint\",\"urlTemplate\":\"https:\/\/reitplatz-offenstallbau.de\/index.php\/?s={search_term_string}\"},\"query-input\":{\"@type\":\"PropertyValueSpecification\",\"valueRequired\":true,\"valueName\":\"search_term_string\"}}],\"inLanguage\":\"de\"}]}<\/script>\n<!-- \/ Yoast SEO Premium plugin. -->","yoast_head_json":{"title":"Bauberatung - Reitplatz- und Offenstallbau Steffen Loos","robots":{"index":"index","follow":"follow","max-snippet":"max-snippet:-1","max-image-preview":"max-image-preview:large","max-video-preview":"max-video-preview:-1"},"canonical":"https:\/\/reitplatz-offenstallbau.de\/index.php\/service\/bauberatung\/","og_locale":"de_DE","og_type":"article","og_title":"Bauberatung","og_url":"https:\/\/reitplatz-offenstallbau.de\/index.php\/service\/bauberatung\/","og_site_name":"Reitplatz- und Offenstallbau Steffen Loos","article_modified_time":"2025-10-20T11:21:14+00:00","twitter_card":"summary_large_image","twitter_misc":{"Gesch\u00e4tzte Lesezeit":"2\u00a0Minuten"},"schema":{"@context":"https:\/\/schema.org","@graph":[{"@type":"WebPage","@id":"https:\/\/reitplatz-offenstallbau.de\/index.php\/service\/bauberatung\/","url":"https:\/\/reitplatz-offenstallbau.de\/index.php\/service\/bauberatung\/","name":"Bauberatung - Reitplatz- und Offenstallbau Steffen Loos","isPartOf":{"@id":"https:\/\/reitplatz-offenstallbau.de\/index.php\/#website"},"datePublished":"2025-10-20T10:40:20+00:00","dateModified":"2025-10-20T11:21:14+00:00","breadcrumb":{"@id":"https:\/\/reitplatz-offenstallbau.de\/index.php\/service\/bauberatung\/#breadcrumb"},"inLanguage":"de","potentialAction":[{"@type":"ReadAction","target":["https:\/\/reitplatz-offenstallbau.de\/index.php\/service\/bauberatung\/"]}]},{"@type":"BreadcrumbList","@id":"https:\/\/reitplatz-offenstallbau.de\/index.php\/service\/bauberatung\/#breadcrumb","itemListElement":[{"@type":"ListItem","position":1,"name":"Startseite","item":"https:\/\/reitplatz-offenstallbau.de\/index.php\/home\/"},{"@type":"ListItem","position":2,"name":"Service","item":"https:\/\/reitplatz-offenstallbau.de\/index.php\/service\/"},{"@type":"ListItem","position":3,"name":"Bauberatung"}]},{"@type":"WebSite","@id":"https:\/\/reitplatz-offenstallbau.de\/index.php\/#website","url":"https:\/\/reitplatz-offenstallbau.de\/index.php\/","name":"Reitplatz- und Offenstallbau Steffen Loos","description":"Ihr Traumplatz - von uns realisiert","potentialAction":[{"@type":"SearchAction","target":{"@type":"EntryPoint","urlTemplate":"https:\/\/reitplatz-offenstallbau.de\/index.php\/?s={search_term_string}"},"query-input":{"@type":"PropertyValueSpecification","valueRequired":true,"valueName":"search_term_string"}}],"inLanguage":"de"}]}},"_links":{"self":[{"href":"https:\/\/reitplatz-offenstallbau.de\/index.php\/wp-json\/wp\/v2\/pages\/10758","targetHints":{"allow":["GET"]}}],"collection":[{"href":"https:\/\/reitplatz-offenstallbau.de\/index.php\/wp-json\/wp\/v2\/pages"}],"about":[{"href":"https:\/\/reitplatz-offenstallbau.de\/index.php\/wp-json\/wp\/v2\/types\/page"}],"author":[{"embeddable":true,"href":"https:\/\/reitplatz-offenstallbau.de\/index.php\/wp-json\/wp\/v2\/users\/2"}],"replies":[{"embeddable":true,"href":"https:\/\/reitplatz-offenstallbau.de\/index.php\/wp-json\/wp\/v2\/comments?post=10758"}],"version-history":[{"count":4,"href":"https:\/\/reitplatz-offenstallbau.de\/index.php\/wp-json\/wp\/v2\/pages\/10758\/revisions"}],"predecessor-version":[{"id":10764,"href":"https:\/\/reitplatz-offenstallbau.de\/index.php\/wp-json\/wp\/v2\/pages\/10758\/revisions\/10764"}],"up":[{"embeddable":true,"href":"https:\/\/reitplatz-offenstallbau.de\/index.php\/wp-json\/wp\/v2\/pages\/25"}],"wp:attachment":[{"href":"https:\/\/reitplatz-offenstallbau.de\/index.php\/wp-json\/wp\/v2\/media?parent=10758"}],"curies":[{"name":"wp","href":"https:\/\/api.w.org\/{rel}","templated":true}]}}