{"id":451,"date":"2020-10-19T12:40:38","date_gmt":"2020-10-19T12:40:38","guid":{"rendered":"https:\/\/reitplatz.itc-lucke.com\/versandarten\/"},"modified":"2021-05-17T09:23:50","modified_gmt":"2021-05-17T08:23:50","slug":"versandarten","status":"publish","type":"page","link":"https:\/\/reitplatz-offenstallbau.de\/index.php\/versandarten\/","title":{"rendered":"Versandarten"},"content":{"rendered":"\n<style type=\"text\/css\" data-created_by=\"avia_inline_auto\" id=\"style-css-av-kosbns0k-a75241fa19a04d71ba7165161a154551\">\n#top .av-special-heading.av-kosbns0k-a75241fa19a04d71ba7165161a154551{\npadding-bottom:10px;\n}\nbody .av-special-heading.av-kosbns0k-a75241fa19a04d71ba7165161a154551 .av-special-heading-tag .heading-char{\nfont-size:25px;\n}\n.av-special-heading.av-kosbns0k-a75241fa19a04d71ba7165161a154551 .av-subheading{\nfont-size:15px;\n}\n<\/style>\n<div  class='av-special-heading av-kosbns0k-a75241fa19a04d71ba7165161a154551 av-special-heading-h3  avia-builder-el-0  el_before_av_hr  avia-builder-el-first '><h3 class='av-special-heading-tag '  itemprop=\"headline\"  >Versandkosten Speditionslieferung<\/h3><div class=\"special-heading-border\"><div class=\"special-heading-inner-border\"><\/div><\/div><\/div>\n<div  class='hr av-1arbvv-5fb705dc0323e208b626ac22a1912bdb hr-default  avia-builder-el-1  el_after_av_heading  el_before_av_one_half '><span class='hr-inner '><span class=\"hr-inner-style\"><\/span><\/span><\/div>\n\n<style type=\"text\/css\" data-created_by=\"avia_inline_auto\" id=\"style-css-av-1382gb-4936e48faca17179bdc5b41805cc1904\">\n.flex_column.av-1382gb-4936e48faca17179bdc5b41805cc1904{\nborder-radius:0px 0px 0px 0px;\npadding:0px 0px 0px 0px;\n}\n<\/style>\n<div  class='flex_column av-1382gb-4936e48faca17179bdc5b41805cc1904 av_one_half  avia-builder-el-2  el_after_av_hr  el_before_av_one_half  first flex_column_div av-zero-column-padding  '     ><style type=\"text\/css\" data-created_by=\"avia_inline_auto\" id=\"style-css-av-kosbk5f4-ddc0071b411bdf3ded3e53868b2b001b\">\n.avia-image-container.av-kosbk5f4-ddc0071b411bdf3ded3e53868b2b001b img.avia_image{\nbox-shadow:none;\n}\n.avia-image-container.av-kosbk5f4-ddc0071b411bdf3ded3e53868b2b001b .av-image-caption-overlay-center{\ncolor:#ffffff;\n}\n<\/style>\n<div  class='avia-image-container av-kosbk5f4-ddc0071b411bdf3ded3e53868b2b001b av-styling- avia-align-center  avia-builder-el-3  avia-builder-el-no-sibling '   itemprop=\"image\" itemscope=\"itemscope\" itemtype=\"https:\/\/schema.org\/ImageObject\" ><div class=\"avia-image-container-inner\"><div class=\"avia-image-overlay-wrap\"><img decoding=\"async\" fetchpriority=\"high\" class='wp-image-960 avia-img-lazy-loading-not-960 avia_image ' src=\"https:\/\/reitplatz-offenstallbau.de\/wp-content\/uploads\/2021\/05\/truck-2920533_1920-1030x693.jpg\" alt='' title=''  height=\"693\" width=\"1030\"  itemprop=\"thumbnailUrl\" srcset=\"https:\/\/reitplatz-offenstallbau.de\/wp-content\/uploads\/2021\/05\/truck-2920533_1920-1030x693.jpg 1030w, https:\/\/reitplatz-offenstallbau.de\/wp-content\/uploads\/2021\/05\/truck-2920533_1920-600x404.jpg 600w, https:\/\/reitplatz-offenstallbau.de\/wp-content\/uploads\/2021\/05\/truck-2920533_1920-300x202.jpg 300w, https:\/\/reitplatz-offenstallbau.de\/wp-content\/uploads\/2021\/05\/truck-2920533_1920-768x517.jpg 768w, https:\/\/reitplatz-offenstallbau.de\/wp-content\/uploads\/2021\/05\/truck-2920533_1920-1536x1034.jpg 1536w, https:\/\/reitplatz-offenstallbau.de\/wp-content\/uploads\/2021\/05\/truck-2920533_1920-1500x1009.jpg 1500w, https:\/\/reitplatz-offenstallbau.de\/wp-content\/uploads\/2021\/05\/truck-2920533_1920-705x474.jpg 705w, https:\/\/reitplatz-offenstallbau.de\/wp-content\/uploads\/2021\/05\/truck-2920533_1920.jpg 1920w\" sizes=\"(max-width: 1030px) 100vw, 1030px\" \/><\/div><\/div><\/div><\/div>\n\n<style type=\"text\/css\" data-created_by=\"avia_inline_auto\" id=\"style-css-av-wm8q3-afd5db4317c6aececbf87ff9530a0301\">\n.flex_column.av-wm8q3-afd5db4317c6aececbf87ff9530a0301{\nborder-radius:0px 0px 0px 0px;\npadding:0px 0px 0px 0px;\n}\n<\/style>\n<div  class='flex_column av-wm8q3-afd5db4317c6aececbf87ff9530a0301 av_one_half  avia-builder-el-4  el_after_av_one_half  avia-builder-el-last  flex_column_div av-zero-column-padding  '     ><p><section  class='av_textblock_section av-kosbnfj9-7bf2e70ecea8bc025539943478e573ce '   itemscope=\"itemscope\" itemtype=\"https:\/\/schema.org\/CreativeWork\" ><div class='avia_textblock'  itemprop=\"text\" ><p>Unsere Produkte werden gr\u00f6\u00dftenteils per Spedition ausgeliefert.<\/p>\n<p>Wir k\u00f6nnen Ihnen daher hier im Online-Auftritt keine verbindlichen Versandkosten f\u00fcr unsere Artikel nennen. Diese sind abh\u00e4ngig vom Produkt, der Anzahl der Produkte und der Entfernung unserer Standorte zu Ihnen vor Ort.<\/p>\n<p>Sie k\u00f6nnen die Wunschlisten Funktion daher nutzen, um Ihre gew\u00fcnschten Produkte zusammen zu stellen und uns dann eine Angebotsanfrage zukommen lassen.<\/p>\n<\/div><\/section><br \/>\n<div  class='avia-slideshow av-kosbw8i9-22390aac224567ce0af002db9f24b684 avia-slideshow-featured av_slideshow avia-slide-slider  avia-builder-el-6  el_after_av_textblock  avia-builder-el-last  av-slideshow-ui av-control-default av-slideshow-autoplay av-loop-endless av-loop-manual-endless av-default-height-applied avia-slideshow-1' data-slideshow-options=\"{&quot;animation&quot;:&quot;slide&quot;,&quot;autoplay&quot;:true,&quot;loop_autoplay&quot;:&quot;endless&quot;,&quot;interval&quot;:5,&quot;loop_manual&quot;:&quot;manual-endless&quot;,&quot;autoplay_stopper&quot;:false,&quot;noNavigation&quot;:false,&quot;bg_slider&quot;:false,&quot;keep_padding&quot;:false,&quot;hoverpause&quot;:false,&quot;show_slide_delay&quot;:0}\"  itemprop=\"image\" itemscope=\"itemscope\" itemtype=\"https:\/\/schema.org\/ImageObject\" ><ul class='avia-slideshow-inner ' style='padding-bottom: 67.735849056604%;'><li  class='avia-slideshow-slide av-kosbw8i9-22390aac224567ce0af002db9f24b684__0  slide-1 slide-odd'><div data-rel='slideshow-1' class='avia-slide-wrap '   ><img decoding=\"async\" fetchpriority=\"high\" class=\"wp-image-982 avia-img-lazy-loading-not-982\"  src=\"https:\/\/reitplatz-offenstallbau.de\/wp-content\/uploads\/2021\/05\/WL-_0003_Ebene-1.jpg\" width=\"530\" height=\"359\" title='' alt=''  itemprop=\"thumbnailUrl\" srcset=\"https:\/\/reitplatz-offenstallbau.de\/wp-content\/uploads\/2021\/05\/WL-_0003_Ebene-1.jpg 530w, https:\/\/reitplatz-offenstallbau.de\/wp-content\/uploads\/2021\/05\/WL-_0003_Ebene-1-300x203.jpg 300w\" sizes=\"(max-width: 530px) 100vw, 530px\" \/><\/div><\/li><li  class='avia-slideshow-slide av-kosbw8i9-22390aac224567ce0af002db9f24b684__1  slide-2 slide-even'><div data-rel='slideshow-1' class='avia-slide-wrap '   ><img decoding=\"async\" fetchpriority=\"high\" class=\"wp-image-981 avia-img-lazy-loading-not-981\"  src=\"https:\/\/reitplatz-offenstallbau.de\/wp-content\/uploads\/2021\/05\/WL-_0002_Ebene-2.jpg\" width=\"530\" height=\"359\" title='' alt=''  itemprop=\"thumbnailUrl\" srcset=\"https:\/\/reitplatz-offenstallbau.de\/wp-content\/uploads\/2021\/05\/WL-_0002_Ebene-2.jpg 530w, https:\/\/reitplatz-offenstallbau.de\/wp-content\/uploads\/2021\/05\/WL-_0002_Ebene-2-300x203.jpg 300w\" sizes=\"(max-width: 530px) 100vw, 530px\" \/><\/div><\/li><li  class='avia-slideshow-slide av-kosbw8i9-22390aac224567ce0af002db9f24b684__2  slide-3 slide-odd'><div data-rel='slideshow-1' class='avia-slide-wrap '   ><img decoding=\"async\" fetchpriority=\"high\" class=\"wp-image-980 avia-img-lazy-loading-not-980\"  src=\"https:\/\/reitplatz-offenstallbau.de\/wp-content\/uploads\/2021\/05\/WL-_0001_Ebene-3.jpg\" width=\"530\" height=\"359\" title='' alt=''  itemprop=\"thumbnailUrl\" srcset=\"https:\/\/reitplatz-offenstallbau.de\/wp-content\/uploads\/2021\/05\/WL-_0001_Ebene-3.jpg 530w, https:\/\/reitplatz-offenstallbau.de\/wp-content\/uploads\/2021\/05\/WL-_0001_Ebene-3-300x203.jpg 300w\" sizes=\"(max-width: 530px) 100vw, 530px\" \/><\/div><\/li><li  class='avia-slideshow-slide av-kosbw8i9-22390aac224567ce0af002db9f24b684__3  slide-4 slide-even'><div data-rel='slideshow-1' class='avia-slide-wrap '   ><img decoding=\"async\" fetchpriority=\"high\" class=\"wp-image-979 avia-img-lazy-loading-not-979\"  src=\"https:\/\/reitplatz-offenstallbau.de\/wp-content\/uploads\/2021\/05\/WL-_0000_Ebene-4.jpg\" width=\"530\" height=\"359\" title='' alt=''  itemprop=\"thumbnailUrl\" srcset=\"https:\/\/reitplatz-offenstallbau.de\/wp-content\/uploads\/2021\/05\/WL-_0000_Ebene-4.jpg 530w, https:\/\/reitplatz-offenstallbau.de\/wp-content\/uploads\/2021\/05\/WL-_0000_Ebene-4-300x203.jpg 300w\" sizes=\"(max-width: 530px) 100vw, 530px\" \/><\/div><\/li><\/ul><div class='avia-slideshow-arrows avia-slideshow-controls' ><a href='#prev' class='prev-slide  avia-svg-icon avia-font-svg_entypo-fontello' data-av_svg_icon='left-open-big' data-av_iconset='svg_entypo-fontello' tabindex='-1' title=\"Zur\u00fcck\"><svg version=\"1.1\" xmlns=\"http:\/\/www.w3.org\/2000\/svg\" width=\"15\" height=\"32\" viewBox=\"0 0 15 32\" preserveAspectRatio=\"xMidYMid meet\" aria-labelledby='av-svg-title-1' aria-describedby='av-svg-desc-1' role=\"graphics-symbol\" aria-hidden=\"true\">\n<title id='av-svg-title-1'>Zur\u00fcck<\/title>\n<desc id='av-svg-desc-1'>Zur\u00fcck<\/desc>\n<path d=\"M14.464 27.84q0.832 0.832 0 1.536-0.832 0.832-1.536 0l-12.544-12.608q-0.768-0.768 0-1.6l12.544-12.608q0.704-0.832 1.536 0 0.832 0.704 0 1.536l-11.456 11.904z\"><\/path>\n<\/svg><span class='avia_hidden_link_text'>Zur\u00fcck<\/span><\/a><a href='#next' class='next-slide  avia-svg-icon avia-font-svg_entypo-fontello' data-av_svg_icon='right-open-big' data-av_iconset='svg_entypo-fontello' tabindex='-1' title=\"Weiter\"><svg version=\"1.1\" xmlns=\"http:\/\/www.w3.org\/2000\/svg\" width=\"15\" height=\"32\" viewBox=\"0 0 15 32\" preserveAspectRatio=\"xMidYMid meet\" aria-labelledby='av-svg-title-2' aria-describedby='av-svg-desc-2' role=\"graphics-symbol\" aria-hidden=\"true\">\n<title id='av-svg-title-2'>Weiter<\/title>\n<desc id='av-svg-desc-2'>Weiter<\/desc>\n<path d=\"M0.416 27.84l11.456-11.84-11.456-11.904q-0.832-0.832 0-1.536 0.832-0.832 1.536 0l12.544 12.608q0.768 0.832 0 1.6l-12.544 12.608q-0.704 0.832-1.536 0-0.832-0.704 0-1.536z\"><\/path>\n<\/svg><span class='avia_hidden_link_text'>Weiter<\/span><\/a><\/div><div class='avia-slideshow-dots avia-slideshow-controls'><a href='#1' class='goto-slide active' >1<\/a><a href='#2' class='goto-slide ' >2<\/a><a href='#3' class='goto-slide ' >3<\/a><a href='#4' class='goto-slide ' >4<\/a><\/div><\/div><\/p><\/div>\n","protected":false},"excerpt":{"rendered":"","protected":false},"author":1,"featured_media":0,"parent":0,"menu_order":0,"comment_status":"closed","ping_status":"closed","template":"","meta":{"footnotes":""},"class_list":["post-451","page","type-page","status-publish","hentry"],"yoast_head":"<!-- This site is optimized with the Yoast SEO Premium plugin v24.6 (Yoast SEO v27.2) - https:\/\/yoast.com\/product\/yoast-seo-premium-wordpress\/ -->\n<title>Versandarten - Reitplatz- und Offenstallbau Steffen Loos<\/title>\n<meta name=\"robots\" content=\"index, follow, max-snippet:-1, max-image-preview:large, max-video-preview:-1\" \/>\n<link rel=\"canonical\" href=\"https:\/\/reitplatz-offenstallbau.de\/index.php\/versandarten\/\" \/>\n<meta property=\"og:locale\" content=\"de_DE\" \/>\n<meta property=\"og:type\" content=\"article\" \/>\n<meta property=\"og:title\" content=\"Versandarten\" \/>\n<meta property=\"og:url\" content=\"https:\/\/reitplatz-offenstallbau.de\/index.php\/versandarten\/\" \/>\n<meta property=\"og:site_name\" content=\"Reitplatz- und Offenstallbau Steffen Loos\" \/>\n<meta property=\"article:modified_time\" content=\"2021-05-17T08:23:50+00:00\" \/>\n<meta name=\"twitter:card\" content=\"summary_large_image\" \/>\n<meta name=\"twitter:label1\" content=\"Gesch\u00e4tzte Lesezeit\" \/>\n\t<meta name=\"twitter:data1\" content=\"2\u00a0Minuten\" \/>\n<script type=\"application\/ld+json\" class=\"yoast-schema-graph\">{\"@context\":\"https:\/\/schema.org\",\"@graph\":[{\"@type\":\"WebPage\",\"@id\":\"https:\/\/reitplatz-offenstallbau.de\/index.php\/versandarten\/\",\"url\":\"https:\/\/reitplatz-offenstallbau.de\/index.php\/versandarten\/\",\"name\":\"Versandarten - Reitplatz- und Offenstallbau Steffen Loos\",\"isPartOf\":{\"@id\":\"https:\/\/reitplatz-offenstallbau.de\/index.php\/#website\"},\"datePublished\":\"2020-10-19T12:40:38+00:00\",\"dateModified\":\"2021-05-17T08:23:50+00:00\",\"breadcrumb\":{\"@id\":\"https:\/\/reitplatz-offenstallbau.de\/index.php\/versandarten\/#breadcrumb\"},\"inLanguage\":\"de\",\"potentialAction\":[{\"@type\":\"ReadAction\",\"target\":[\"https:\/\/reitplatz-offenstallbau.de\/index.php\/versandarten\/\"]}]},{\"@type\":\"BreadcrumbList\",\"@id\":\"https:\/\/reitplatz-offenstallbau.de\/index.php\/versandarten\/#breadcrumb\",\"itemListElement\":[{\"@type\":\"ListItem\",\"position\":1,\"name\":\"Startseite\",\"item\":\"https:\/\/reitplatz-offenstallbau.de\/index.php\/home\/\"},{\"@type\":\"ListItem\",\"position\":2,\"name\":\"Versandarten\"}]},{\"@type\":\"WebSite\",\"@id\":\"https:\/\/reitplatz-offenstallbau.de\/index.php\/#website\",\"url\":\"https:\/\/reitplatz-offenstallbau.de\/index.php\/\",\"name\":\"Reitplatz- und Offenstallbau Steffen Loos\",\"description\":\"Ihr Traumplatz - von uns realisiert\",\"potentialAction\":[{\"@type\":\"SearchAction\",\"target\":{\"@type\":\"EntryPoint\",\"urlTemplate\":\"https:\/\/reitplatz-offenstallbau.de\/index.php\/?s={search_term_string}\"},\"query-input\":{\"@type\":\"PropertyValueSpecification\",\"valueRequired\":true,\"valueName\":\"search_term_string\"}}],\"inLanguage\":\"de\"}]}<\/script>\n<!-- \/ Yoast SEO Premium plugin. -->","yoast_head_json":{"title":"Versandarten - Reitplatz- und Offenstallbau Steffen Loos","robots":{"index":"index","follow":"follow","max-snippet":"max-snippet:-1","max-image-preview":"max-image-preview:large","max-video-preview":"max-video-preview:-1"},"canonical":"https:\/\/reitplatz-offenstallbau.de\/index.php\/versandarten\/","og_locale":"de_DE","og_type":"article","og_title":"Versandarten","og_url":"https:\/\/reitplatz-offenstallbau.de\/index.php\/versandarten\/","og_site_name":"Reitplatz- und Offenstallbau Steffen Loos","article_modified_time":"2021-05-17T08:23:50+00:00","twitter_card":"summary_large_image","twitter_misc":{"Gesch\u00e4tzte Lesezeit":"2\u00a0Minuten"},"schema":{"@context":"https:\/\/schema.org","@graph":[{"@type":"WebPage","@id":"https:\/\/reitplatz-offenstallbau.de\/index.php\/versandarten\/","url":"https:\/\/reitplatz-offenstallbau.de\/index.php\/versandarten\/","name":"Versandarten - Reitplatz- und Offenstallbau Steffen Loos","isPartOf":{"@id":"https:\/\/reitplatz-offenstallbau.de\/index.php\/#website"},"datePublished":"2020-10-19T12:40:38+00:00","dateModified":"2021-05-17T08:23:50+00:00","breadcrumb":{"@id":"https:\/\/reitplatz-offenstallbau.de\/index.php\/versandarten\/#breadcrumb"},"inLanguage":"de","potentialAction":[{"@type":"ReadAction","target":["https:\/\/reitplatz-offenstallbau.de\/index.php\/versandarten\/"]}]},{"@type":"BreadcrumbList","@id":"https:\/\/reitplatz-offenstallbau.de\/index.php\/versandarten\/#breadcrumb","itemListElement":[{"@type":"ListItem","position":1,"name":"Startseite","item":"https:\/\/reitplatz-offenstallbau.de\/index.php\/home\/"},{"@type":"ListItem","position":2,"name":"Versandarten"}]},{"@type":"WebSite","@id":"https:\/\/reitplatz-offenstallbau.de\/index.php\/#website","url":"https:\/\/reitplatz-offenstallbau.de\/index.php\/","name":"Reitplatz- und Offenstallbau Steffen Loos","description":"Ihr Traumplatz - von uns realisiert","potentialAction":[{"@type":"SearchAction","target":{"@type":"EntryPoint","urlTemplate":"https:\/\/reitplatz-offenstallbau.de\/index.php\/?s={search_term_string}"},"query-input":{"@type":"PropertyValueSpecification","valueRequired":true,"valueName":"search_term_string"}}],"inLanguage":"de"}]}},"_links":{"self":[{"href":"https:\/\/reitplatz-offenstallbau.de\/index.php\/wp-json\/wp\/v2\/pages\/451","targetHints":{"allow":["GET"]}}],"collection":[{"href":"https:\/\/reitplatz-offenstallbau.de\/index.php\/wp-json\/wp\/v2\/pages"}],"about":[{"href":"https:\/\/reitplatz-offenstallbau.de\/index.php\/wp-json\/wp\/v2\/types\/page"}],"author":[{"embeddable":true,"href":"https:\/\/reitplatz-offenstallbau.de\/index.php\/wp-json\/wp\/v2\/users\/1"}],"replies":[{"embeddable":true,"href":"https:\/\/reitplatz-offenstallbau.de\/index.php\/wp-json\/wp\/v2\/comments?post=451"}],"version-history":[{"count":5,"href":"https:\/\/reitplatz-offenstallbau.de\/index.php\/wp-json\/wp\/v2\/pages\/451\/revisions"}],"predecessor-version":[{"id":983,"href":"https:\/\/reitplatz-offenstallbau.de\/index.php\/wp-json\/wp\/v2\/pages\/451\/revisions\/983"}],"wp:attachment":[{"href":"https:\/\/reitplatz-offenstallbau.de\/index.php\/wp-json\/wp\/v2\/media?parent=451"}],"curies":[{"name":"wp","href":"https:\/\/api.w.org\/{rel}","templated":true}]}}